{"id":1319,"date":"2021-08-04T10:37:38","date_gmt":"2021-08-04T10:37:38","guid":{"rendered":"https:\/\/amfissa.qodeinteractive.com\/?page_id=1319"},"modified":"2024-10-28T13:58:41","modified_gmt":"2024-10-28T12:58:41","slug":"ueber","status":"publish","type":"page","link":"https:\/\/epheser.ch\/guenters-selection\/ueber\/","title":{"rendered":"\u00dcber Guenter&#8217;s Selection"},"content":{"rendered":"\t\t<div data-elementor-type=\"wp-page\" data-elementor-id=\"1319\" class=\"elementor elementor-1319\">\n\t\t\t\t\t\t<section class=\"elementor-section elementor-top-section elementor-element elementor-element-efa5aa1 elementor-section-full_width elementor-section-height-default elementor-section-height-default qodef-elementor-content-no\" data-id=\"efa5aa1\" data-element_type=\"section\">\n\t\t\t\t\t\t<div class=\"elementor-container elementor-column-gap-no\">\n\t\t\t\t\t<div class=\"elementor-column elementor-col-33 elementor-top-column elementor-element elementor-element-44e4ee2\" data-id=\"44e4ee2\" data-element_type=\"column\" data-settings=\"{&quot;background_background&quot;:&quot;classic&quot;}\">\n\t\t\t<div class=\"elementor-widget-wrap elementor-element-populated\">\n\t\t\t\t\t\t<div class=\"elementor-element elementor-element-ffcd1aa elementor-widget elementor-widget-spacer\" data-id=\"ffcd1aa\" data-element_type=\"widget\" data-widget_type=\"spacer.default\">\n\t\t\t\t<div class=\"elementor-widget-container\">\n\t\t\t<style>\/*! elementor - v3.23.0 - 05-08-2024 *\/\n.elementor-column .elementor-spacer-inner{height:var(--spacer-size)}.e-con{--container-widget-width:100%}.e-con-inner>.elementor-widget-spacer,.e-con>.elementor-widget-spacer{width:var(--container-widget-width,var(--spacer-size));--align-self:var(--container-widget-align-self,initial);--flex-shrink:0}.e-con-inner>.elementor-widget-spacer>.elementor-widget-container,.e-con>.elementor-widget-spacer>.elementor-widget-container{height:100%;width:100%}.e-con-inner>.elementor-widget-spacer>.elementor-widget-container>.elementor-spacer,.e-con>.elementor-widget-spacer>.elementor-widget-container>.elementor-spacer{height:100%}.e-con-inner>.elementor-widget-spacer>.elementor-widget-container>.elementor-spacer>.elementor-spacer-inner,.e-con>.elementor-widget-spacer>.elementor-widget-container>.elementor-spacer>.elementor-spacer-inner{height:var(--container-widget-height,var(--spacer-size))}.e-con-inner>.elementor-widget-spacer.elementor-widget-empty,.e-con>.elementor-widget-spacer.elementor-widget-empty{position:relative;min-height:22px;min-width:22px}.e-con-inner>.elementor-widget-spacer.elementor-widget-empty .elementor-widget-empty-icon,.e-con>.elementor-widget-spacer.elementor-widget-empty .elementor-widget-empty-icon{position:absolute;top:0;bottom:0;left:0;right:0;margin:auto;padding:0;width:22px;height:22px}<\/style>\t\t<div class=\"elementor-spacer\">\n\t\t\t<div class=\"elementor-spacer-inner\"><\/div>\n\t\t<\/div>\n\t\t\t\t<\/div>\n\t\t\t\t<\/div>\n\t\t\t\t\t<\/div>\n\t\t<\/div>\n\t\t\t\t<div class=\"elementor-column elementor-col-33 elementor-top-column elementor-element elementor-element-fe17008\" data-id=\"fe17008\" data-element_type=\"column\" data-settings=\"{&quot;background_background&quot;:&quot;classic&quot;}\">\n\t\t\t<div class=\"elementor-widget-wrap elementor-element-populated\">\n\t\t\t\t\t\t<div class=\"elementor-element elementor-element-0f9fa41 elementor-widget elementor-widget-spacer\" data-id=\"0f9fa41\" data-element_type=\"widget\" data-widget_type=\"spacer.default\">\n\t\t\t\t<div class=\"elementor-widget-container\">\n\t\t\t\t\t<div class=\"elementor-spacer\">\n\t\t\t<div class=\"elementor-spacer-inner\"><\/div>\n\t\t<\/div>\n\t\t\t\t<\/div>\n\t\t\t\t<\/div>\n\t\t\t\t\t<\/div>\n\t\t<\/div>\n\t\t\t\t<div class=\"elementor-column elementor-col-33 elementor-top-column elementor-element elementor-element-1626ebc\" data-id=\"1626ebc\" data-element_type=\"column\" data-settings=\"{&quot;background_background&quot;:&quot;classic&quot;}\">\n\t\t\t<div class=\"elementor-widget-wrap elementor-element-populated\">\n\t\t\t\t\t\t<div class=\"elementor-element elementor-element-c67415b elementor-widget elementor-widget-spacer\" data-id=\"c67415b\" data-element_type=\"widget\" data-widget_type=\"spacer.default\">\n\t\t\t\t<div class=\"elementor-widget-container\">\n\t\t\t\t\t<div class=\"elementor-spacer\">\n\t\t\t<div class=\"elementor-spacer-inner\"><\/div>\n\t\t<\/div>\n\t\t\t\t<\/div>\n\t\t\t\t<\/div>\n\t\t\t\t\t<\/div>\n\t\t<\/div>\n\t\t\t\t\t<\/div>\n\t\t<\/section>\n\t\t\t\t<section class=\"elementor-section elementor-top-section elementor-element elementor-element-c60eab3 elementor-section-full_width qodef-elementor-content-grid elementor-section-height-default elementor-section-height-default\" data-id=\"c60eab3\" data-element_type=\"section\">\n\t\t\t\t\t\t<div class=\"elementor-container elementor-column-gap-default\">\n\t\t\t\t\t<div class=\"elementor-column elementor-col-100 elementor-top-column elementor-element elementor-element-39a9fdc\" data-id=\"39a9fdc\" data-element_type=\"column\">\n\t\t\t<div class=\"elementor-widget-wrap elementor-element-populated\">\n\t\t\t\t\t\t<div class=\"elementor-element elementor-element-f42f541 elementor-widget-tablet__width-inherit elementor-widget elementor-widget-amfissa_core_section_title\" data-id=\"f42f541\" data-element_type=\"widget\" data-widget_type=\"amfissa_core_section_title.default\">\n\t\t\t\t<div class=\"elementor-widget-container\">\n\t\t\t<div class=\"qodef-shortcode qodef-m  qodef-section-title qodef-alignment--left \">\n\t\t\t<h1 class=\"qodef-m-title\" >\n\t\t\t\t\t\u00dcber G\u00fcnter's Selection\t\t\t<\/h1>\n\t<\/div>\n\t\t<\/div>\n\t\t\t\t<\/div>\n\t\t\t\t\t<\/div>\n\t\t<\/div>\n\t\t\t\t\t<\/div>\n\t\t<\/section>\n\t\t\t\t<section class=\"elementor-section elementor-top-section elementor-element elementor-element-efffc77 elementor-section-full_width qodef-elementor-content-grid elementor-section-height-default elementor-section-height-default\" data-id=\"efffc77\" data-element_type=\"section\" data-settings=\"{&quot;background_background&quot;:&quot;classic&quot;}\">\n\t\t\t\t\t\t<div class=\"elementor-container elementor-column-gap-default\">\n\t\t\t\t\t<div class=\"elementor-column elementor-col-50 elementor-top-column elementor-element elementor-element-32d9059\" data-id=\"32d9059\" data-element_type=\"column\">\n\t\t\t<div class=\"elementor-widget-wrap elementor-element-populated\">\n\t\t\t\t\t\t<div class=\"elementor-element elementor-element-07fc5cc elementor-widget elementor-widget-amfissa_core_section_title\" data-id=\"07fc5cc\" data-element_type=\"widget\" data-widget_type=\"amfissa_core_section_title.default\">\n\t\t\t\t<div class=\"elementor-widget-container\">\n\t\t\t<div class=\"qodef-shortcode qodef-m  qodef-section-title qodef-alignment--left \">\n\t\t\t<h3 class=\"qodef-m-title\" >\n\t\t\t\t\t\u00abHeute konzentriere ich mich auf das Wesentliche: KLEIN \u2013 FEIN \u2013 PERS\u00d6NLICH.\u00bb\t\t\t<\/h3>\n\t<\/div>\n\t\t<\/div>\n\t\t\t\t<\/div>\n\t\t\t\t<div class=\"elementor-element elementor-element-eae1cb1 elementor-invisible elementor-widget elementor-widget-amfissa_core_custom_font\" data-id=\"eae1cb1\" data-element_type=\"widget\" data-settings=\"{&quot;_animation&quot;:&quot;fadeInUp&quot;}\" data-widget_type=\"amfissa_core_custom_font.default\">\n\t\t\t\t<div class=\"elementor-widget-container\">\n\t\t\t<h1 class=\"qodef-shortcode qodef-m  qodef-custom-font qodef-custom-font-355 qodef-layout--simple\" style=\"color: #CC723F;font-family: meadowbrook;font-size: 45px;line-height: 30px\">G\u00fcnter H. Stegmaier<\/h1>\n\t\t<\/div>\n\t\t\t\t<\/div>\n\t\t\t\t\t<\/div>\n\t\t<\/div>\n\t\t\t\t<div class=\"elementor-column elementor-col-50 elementor-top-column elementor-element elementor-element-800a475\" data-id=\"800a475\" data-element_type=\"column\">\n\t\t\t<div class=\"elementor-widget-wrap elementor-element-populated\">\n\t\t\t\t\t\t<div class=\"elementor-element elementor-element-a28eb5d elementor-widget elementor-widget-amfissa_core_section_title\" data-id=\"a28eb5d\" data-element_type=\"widget\" data-widget_type=\"amfissa_core_section_title.default\">\n\t\t\t\t<div class=\"elementor-widget-container\">\n\t\t\t<div class=\"qodef-shortcode qodef-m  qodef-section-title qodef-alignment--left \">\n\t\t\t\t<p class=\"qodef-m-text\" style=\"margin-top: 0px\">Ich wurde in Aalen, Deutschland, geboren und verbrachte meine Kindheit auf dem elterlichen Bauernhof. Meine Leidenschaft f\u00fcr die Kulinarik f\u00fchrte mich ins Remstal nahe Stuttgart, wo ich eine Lehre als Koch absolvierte. Nach Stationen in verschiedenen Betrieben in S\u00fcddeutschland wuchs in mir der Wunsch nach neuen Abenteuern. 1986 zog es mich in die Schweiz, wo ich meine F\u00e4higkeiten in charmanten Hotels in Luzern, Graub\u00fcnden, dem Berner Oberland und Zug weiter verfeinerte. 1990 fand ich schliesslich meinen Weg in malerische Obersaxen im B\u00fcndner Oberland.<\/p>\n<\/div>\n\t\t<\/div>\n\t\t\t\t<\/div>\n\t\t\t\t<div class=\"elementor-element elementor-element-5ff37b1 elementor-widget elementor-widget-amfissa_core_section_title\" data-id=\"5ff37b1\" data-element_type=\"widget\" data-widget_type=\"amfissa_core_section_title.default\">\n\t\t\t\t<div class=\"elementor-widget-container\">\n\t\t\t<div class=\"qodef-shortcode qodef-m  qodef-section-title qodef-alignment--left \">\n\t\t\t\t<p class=\"qodef-m-text\" style=\"margin-top: 0px\">Gemeinsam mit meiner Familie, zu der zwei mittlerweile erwachsene S\u00f6hne geh\u00f6ren, widmete ich mich 7 Jahre der Hotellerie und \u00fcber 25 Jahre der Berggastronomie. Heute konzentriere ich mich auf das f\u00fcr mich Wesentliche:\nKLEIN \u2013 FEIN - PERS\u00d6NLICH .\n<\/p>\n<\/div>\n\t\t<\/div>\n\t\t\t\t<\/div>\n\t\t\t\t<div class=\"elementor-element elementor-element-2df2716 elementor-widget elementor-widget-amfissa_core_section_title\" data-id=\"2df2716\" data-element_type=\"widget\" data-widget_type=\"amfissa_core_section_title.default\">\n\t\t\t\t<div class=\"elementor-widget-container\">\n\t\t\t<div class=\"qodef-shortcode qodef-m  qodef-section-title qodef-alignment--left \">\n\t\t\t\t<p class=\"qodef-m-text\" style=\"margin-top: 0px\">Seit August dieses Jahres findet man mich in \u00abG\u00dcNTER\u2019S SELECTION\u00bb, meinem Delikatessenlokal in Meierhof\/Obersaxen. Dort stehen nicht nur exklusive Produkte, sondern auch inspirierende Gespr\u00e4che bei einem kurzen Espresso oder einen feinen Glas Wein im Mittelpunkt.<\/p>\n<\/div>\n\t\t<\/div>\n\t\t\t\t<\/div>\n\t\t\t\t<div class=\"elementor-element elementor-element-d42c487 elementor-widget elementor-widget-amfissa_core_section_title\" data-id=\"d42c487\" data-element_type=\"widget\" data-widget_type=\"amfissa_core_section_title.default\">\n\t\t\t\t<div class=\"elementor-widget-container\">\n\t\t\t<div class=\"qodef-shortcode qodef-m  qodef-section-title qodef-alignment--left \">\n\t\t\t\t<p class=\"qodef-m-text\" style=\"margin-top: 0px\">Besonders widme ich mich dem EXQUISITEN EPHESER OLIVEN\u00d6L, das meine Philosophie von Essenz und Authentizit\u00e4t perfekt verk\u00f6rpert.<\/p>\n<\/div>\n\t\t<\/div>\n\t\t\t\t<\/div>\n\t\t\t\t\t<\/div>\n\t\t<\/div>\n\t\t\t\t\t<\/div>\n\t\t<\/section>\n\t\t\t\t<\/div>\n\t\t","protected":false},"excerpt":{"rendered":"<p>\u00dcber G\u00fcnter&#8217;s Selection \u00abHeute konzentriere ich mich auf das Wesentliche: KLEIN \u2013 FEIN \u2013 PERS\u00d6NLICH.\u00bb G\u00fcnter H. Stegmaier Ich wurde in Aalen, Deutschland, geboren und verbrachte meine Kindheit auf dem elterlichen Bauernhof. Meine Leidenschaft f\u00fcr die Kulinarik f\u00fchrte mich ins Remstal nahe Stuttgart, wo ich eine Lehre als Koch absolvierte. Nach Stationen in verschiedenen Betrieben [&hellip;]<\/p>\n","protected":false},"author":1,"featured_media":0,"parent":0,"menu_order":0,"comment_status":"closed","ping_status":"closed","template":"page-full-width.php","meta":{"footnotes":""},"class_list":["post-1319","page","type-page","status-publish","hentry"],"yoast_head":"<!-- This site is optimized with the Yoast SEO plugin v23.7 - https:\/\/yoast.com\/wordpress\/plugins\/seo\/ -->\n<title>\u00dcber Guenter&#039;s Selection - G\u00dcNTER\u2019S SELECTION<\/title>\n<meta name=\"description\" content=\"G\u00fcnter\u2019s Selection in Obersaxen: Feinkost von G\u00fcnter H. Stegmaier, mit Fokus auf Qualit\u00e4t und Pers\u00f6nlichkeit. Entdecken Sie besondere Produkte wie das exklusive Epheser Oliven\u00f6l.\" \/>\n<meta name=\"robots\" content=\"index, follow, max-snippet:-1, max-image-preview:large, max-video-preview:-1\" \/>\n<link rel=\"canonical\" href=\"https:\/\/epheser.ch\/guenters-selection\/ueber\/\" \/>\n<meta property=\"og:locale\" content=\"de_DE\" \/>\n<meta property=\"og:type\" content=\"article\" \/>\n<meta property=\"og:title\" content=\"\u00dcber Guenter&#039;s Selection - G\u00dcNTER\u2019S SELECTION\" \/>\n<meta property=\"og:description\" content=\"G\u00fcnter\u2019s Selection in Obersaxen: Feinkost von G\u00fcnter H. Stegmaier, mit Fokus auf Qualit\u00e4t und Pers\u00f6nlichkeit. Entdecken Sie besondere Produkte wie das exklusive Epheser Oliven\u00f6l.\" \/>\n<meta property=\"og:url\" content=\"https:\/\/epheser.ch\/guenters-selection\/ueber\/\" \/>\n<meta property=\"og:site_name\" content=\"G\u00dcNTER\u2019S SELECTION\" \/>\n<meta property=\"article:modified_time\" content=\"2024-10-28T12:58:41+00:00\" \/>\n<meta name=\"twitter:card\" content=\"summary_large_image\" \/>\n<meta name=\"twitter:label1\" content=\"Gesch\u00e4tzte Lesezeit\" \/>\n\t<meta name=\"twitter:data1\" content=\"2 Minuten\" \/>\n<script type=\"application\/ld+json\" class=\"yoast-schema-graph\">{\"@context\":\"https:\/\/schema.org\",\"@graph\":[{\"@type\":\"WebPage\",\"@id\":\"https:\/\/epheser.ch\/guenters-selection\/ueber\/\",\"url\":\"https:\/\/epheser.ch\/guenters-selection\/ueber\/\",\"name\":\"\u00dcber Guenter's Selection - G\u00dcNTER\u2019S SELECTION\",\"isPartOf\":{\"@id\":\"https:\/\/epheser.ch\/guenters-selection\/#website\"},\"datePublished\":\"2021-08-04T10:37:38+00:00\",\"dateModified\":\"2024-10-28T12:58:41+00:00\",\"description\":\"G\u00fcnter\u2019s Selection in Obersaxen: Feinkost von G\u00fcnter H. Stegmaier, mit Fokus auf Qualit\u00e4t und Pers\u00f6nlichkeit. Entdecken Sie besondere Produkte wie das exklusive Epheser Oliven\u00f6l.\",\"breadcrumb\":{\"@id\":\"https:\/\/epheser.ch\/guenters-selection\/ueber\/#breadcrumb\"},\"inLanguage\":\"de-CH\",\"potentialAction\":[{\"@type\":\"ReadAction\",\"target\":[\"https:\/\/epheser.ch\/guenters-selection\/ueber\/\"]}]},{\"@type\":\"BreadcrumbList\",\"@id\":\"https:\/\/epheser.ch\/guenters-selection\/ueber\/#breadcrumb\",\"itemListElement\":[{\"@type\":\"ListItem\",\"position\":1,\"name\":\"Startseite\",\"item\":\"https:\/\/epheser.ch\/guenters-selection\/\"},{\"@type\":\"ListItem\",\"position\":2,\"name\":\"\u00dcber Guenter&#8217;s Selection\"}]},{\"@type\":\"WebSite\",\"@id\":\"https:\/\/epheser.ch\/guenters-selection\/#website\",\"url\":\"https:\/\/epheser.ch\/guenters-selection\/\",\"name\":\"G\u00dcNTER\u2019S SELECTION\",\"description\":\"Shop G\u00dcNTER\u2019S SELECTION\",\"publisher\":{\"@id\":\"https:\/\/epheser.ch\/guenters-selection\/#organization\"},\"potentialAction\":[{\"@type\":\"SearchAction\",\"target\":{\"@type\":\"EntryPoint\",\"urlTemplate\":\"https:\/\/epheser.ch\/guenters-selection\/?s={search_term_string}\"},\"query-input\":{\"@type\":\"PropertyValueSpecification\",\"valueRequired\":true,\"valueName\":\"search_term_string\"}}],\"inLanguage\":\"de-CH\"},{\"@type\":\"Organization\",\"@id\":\"https:\/\/epheser.ch\/guenters-selection\/#organization\",\"name\":\"G\u00dcNTER\u2019S SELECTION\",\"url\":\"https:\/\/epheser.ch\/guenters-selection\/\",\"logo\":{\"@type\":\"ImageObject\",\"inLanguage\":\"de-CH\",\"@id\":\"https:\/\/epheser.ch\/guenters-selection\/#\/schema\/logo\/image\/\",\"url\":\"https:\/\/epheser.ch\/guenters-selection\/wp-content\/uploads\/sites\/3\/2024\/06\/logoepheser_web_ohne_Linien_black_sgl.png\",\"contentUrl\":\"https:\/\/epheser.ch\/guenters-selection\/wp-content\/uploads\/sites\/3\/2024\/06\/logoepheser_web_ohne_Linien_black_sgl.png\",\"width\":400,\"height\":81,\"caption\":\"G\u00dcNTER\u2019S SELECTION\"},\"image\":{\"@id\":\"https:\/\/epheser.ch\/guenters-selection\/#\/schema\/logo\/image\/\"}}]}<\/script>\n<!-- \/ Yoast SEO plugin. -->","yoast_head_json":{"title":"\u00dcber Guenter's Selection - G\u00dcNTER\u2019S SELECTION","description":"G\u00fcnter\u2019s Selection in Obersaxen: Feinkost von G\u00fcnter H. Stegmaier, mit Fokus auf Qualit\u00e4t und Pers\u00f6nlichkeit. Entdecken Sie besondere Produkte wie das exklusive Epheser Oliven\u00f6l.","robots":{"index":"index","follow":"follow","max-snippet":"max-snippet:-1","max-image-preview":"max-image-preview:large","max-video-preview":"max-video-preview:-1"},"canonical":"https:\/\/epheser.ch\/guenters-selection\/ueber\/","og_locale":"de_DE","og_type":"article","og_title":"\u00dcber Guenter's Selection - G\u00dcNTER\u2019S SELECTION","og_description":"G\u00fcnter\u2019s Selection in Obersaxen: Feinkost von G\u00fcnter H. Stegmaier, mit Fokus auf Qualit\u00e4t und Pers\u00f6nlichkeit. Entdecken Sie besondere Produkte wie das exklusive Epheser Oliven\u00f6l.","og_url":"https:\/\/epheser.ch\/guenters-selection\/ueber\/","og_site_name":"G\u00dcNTER\u2019S SELECTION","article_modified_time":"2024-10-28T12:58:41+00:00","twitter_card":"summary_large_image","twitter_misc":{"Gesch\u00e4tzte Lesezeit":"2 Minuten"},"schema":{"@context":"https:\/\/schema.org","@graph":[{"@type":"WebPage","@id":"https:\/\/epheser.ch\/guenters-selection\/ueber\/","url":"https:\/\/epheser.ch\/guenters-selection\/ueber\/","name":"\u00dcber Guenter's Selection - G\u00dcNTER\u2019S SELECTION","isPartOf":{"@id":"https:\/\/epheser.ch\/guenters-selection\/#website"},"datePublished":"2021-08-04T10:37:38+00:00","dateModified":"2024-10-28T12:58:41+00:00","description":"G\u00fcnter\u2019s Selection in Obersaxen: Feinkost von G\u00fcnter H. Stegmaier, mit Fokus auf Qualit\u00e4t und Pers\u00f6nlichkeit. Entdecken Sie besondere Produkte wie das exklusive Epheser Oliven\u00f6l.","breadcrumb":{"@id":"https:\/\/epheser.ch\/guenters-selection\/ueber\/#breadcrumb"},"inLanguage":"de-CH","potentialAction":[{"@type":"ReadAction","target":["https:\/\/epheser.ch\/guenters-selection\/ueber\/"]}]},{"@type":"BreadcrumbList","@id":"https:\/\/epheser.ch\/guenters-selection\/ueber\/#breadcrumb","itemListElement":[{"@type":"ListItem","position":1,"name":"Startseite","item":"https:\/\/epheser.ch\/guenters-selection\/"},{"@type":"ListItem","position":2,"name":"\u00dcber Guenter&#8217;s Selection"}]},{"@type":"WebSite","@id":"https:\/\/epheser.ch\/guenters-selection\/#website","url":"https:\/\/epheser.ch\/guenters-selection\/","name":"G\u00dcNTER\u2019S SELECTION","description":"Shop G\u00dcNTER\u2019S SELECTION","publisher":{"@id":"https:\/\/epheser.ch\/guenters-selection\/#organization"},"potentialAction":[{"@type":"SearchAction","target":{"@type":"EntryPoint","urlTemplate":"https:\/\/epheser.ch\/guenters-selection\/?s={search_term_string}"},"query-input":{"@type":"PropertyValueSpecification","valueRequired":true,"valueName":"search_term_string"}}],"inLanguage":"de-CH"},{"@type":"Organization","@id":"https:\/\/epheser.ch\/guenters-selection\/#organization","name":"G\u00dcNTER\u2019S SELECTION","url":"https:\/\/epheser.ch\/guenters-selection\/","logo":{"@type":"ImageObject","inLanguage":"de-CH","@id":"https:\/\/epheser.ch\/guenters-selection\/#\/schema\/logo\/image\/","url":"https:\/\/epheser.ch\/guenters-selection\/wp-content\/uploads\/sites\/3\/2024\/06\/logoepheser_web_ohne_Linien_black_sgl.png","contentUrl":"https:\/\/epheser.ch\/guenters-selection\/wp-content\/uploads\/sites\/3\/2024\/06\/logoepheser_web_ohne_Linien_black_sgl.png","width":400,"height":81,"caption":"G\u00dcNTER\u2019S SELECTION"},"image":{"@id":"https:\/\/epheser.ch\/guenters-selection\/#\/schema\/logo\/image\/"}}]}},"_links":{"self":[{"href":"https:\/\/epheser.ch\/guenters-selection\/wp-json\/wp\/v2\/pages\/1319"}],"collection":[{"href":"https:\/\/epheser.ch\/guenters-selection\/wp-json\/wp\/v2\/pages"}],"about":[{"href":"https:\/\/epheser.ch\/guenters-selection\/wp-json\/wp\/v2\/types\/page"}],"author":[{"embeddable":true,"href":"https:\/\/epheser.ch\/guenters-selection\/wp-json\/wp\/v2\/users\/1"}],"replies":[{"embeddable":true,"href":"https:\/\/epheser.ch\/guenters-selection\/wp-json\/wp\/v2\/comments?post=1319"}],"version-history":[{"count":132,"href":"https:\/\/epheser.ch\/guenters-selection\/wp-json\/wp\/v2\/pages\/1319\/revisions"}],"predecessor-version":[{"id":6598,"href":"https:\/\/epheser.ch\/guenters-selection\/wp-json\/wp\/v2\/pages\/1319\/revisions\/6598"}],"wp:attachment":[{"href":"https:\/\/epheser.ch\/guenters-selection\/wp-json\/wp\/v2\/media?parent=1319"}],"curies":[{"name":"wp","href":"https:\/\/api.w.org\/{rel}","templated":true}]}}