{"id":3,"date":"2024-03-19T09:32:23","date_gmt":"2024-03-19T09:32:23","guid":{"rendered":"https:\/\/epheser.ch\/?page_id=3"},"modified":"2024-10-28T13:55:09","modified_gmt":"2024-10-28T12:55:09","slug":"datenschutz","status":"publish","type":"page","link":"https:\/\/epheser.ch\/guenters-selection\/datenschutz\/","title":{"rendered":"Datenschutzerkl\u00e4rung"},"content":{"rendered":"<div class=\"wpb-content-wrapper\"><p>[vc_row][vc_column][vc_column_text css=&#187;&#187;]<\/p>\r\n<p>Wir freuen uns sehr \u00fcber Ihr Interesse an unserer Website. Der Schutz Ihrer Privatsph\u00e4re ist f\u00fcr uns von h\u00f6chster Bedeutung. Im Folgenden informieren wir Sie ausf\u00fchrlich \u00fcber den Umgang mit Ihren Daten.<\/p>\r\n<p>&nbsp;<\/p>\r\n<h5 class=\"wp-block-heading\">1. Verantwortlicher<\/h5>\r\n<p>Verantwortlicher f\u00fcr die Datenverarbeitung auf dieser Website im Sinne der Datenschutz-Grundverordnung (DSGVO) ist:<\/p>\r\n<p>G\u00dcNTER\u2019S SELECTION<br \/>Einzelunternehmen<br \/>Obertor 26<br \/>7134 Obersaxen\/GR<br \/>Schweiz<\/p>\r\n<p>&nbsp;<\/p>\r\n<h5>2. Erhebung und Speicherung personenbezogener Daten sowie Art und Zweck von deren Verwendung<\/h5>\r\n<h6>a) Beim Besuch der Website<\/h6>\r\n<p>Beim Aufrufen unserer Website werden durch den auf Ihrem Endger\u00e4t zum Einsatz kommenden Browser automatisch Informationen an den Server unserer Website gesendet. Diese Informationen werden tempor\u00e4r in einem sogenannten Logfile gespeichert. Folgende Informationen werden dabei ohne Ihr Zutun erfasst und bis zur automatisierten L\u00f6schung gespeichert:<\/p>\r\n<ul>\r\n<li>IP-Adresse des anfragenden Rechners,<\/li>\r\n<li>Datum und Uhrzeit des Zugriffs,<\/li>\r\n<li>Name und URL der abgerufenen Datei,<\/li>\r\n<li>Website, von der aus der Zugriff erfolgt (Referrer-URL),<\/li>\r\n<li>verwendeter Browser und ggf. das Betriebssystem Ihres Rechners sowie der Name Ihres Access-Providers.<\/li>\r\n<\/ul>\r\n<p>Die genannten Daten werden durch uns zu folgenden Zwecken verarbeitet:<\/p>\r\n<ul>\r\n<li>Gew\u00e4hrleistung eines reibungslosen Verbindungsaufbaus der Website,<\/li>\r\n<li>Gew\u00e4hrleistung einer komfortablen Nutzung unserer Website,<\/li>\r\n<li>Auswertung der Systemsicherheit und -stabilit\u00e4t sowie<\/li>\r\n<li>zu weiteren administrativen Zwecken.<\/li>\r\n<\/ul>\r\n<p>Rechtsgrundlage f\u00fcr die Datenverarbeitung ist Art. 6 Abs. 1 S. 1 lit. f DSGVO. Unser berechtigtes Interesse folgt aus den oben aufgelisteten Zwecken zur Datenerhebung. In keinem Fall verwenden wir die erhobenen Daten zu dem Zweck, R\u00fcckschl\u00fcsse auf Ihre Person zu ziehen.<\/p>\r\n<p>&nbsp;<\/p>\r\n<h6>b) Google Fonts<\/h6>\r\n<p>Auf dieser Website nutzen wir zur einheitlichen Darstellung von Schriftarten sogenannte Web Fonts, die von Google bereitgestellt werden. Beim Aufruf einer Seite l\u00e4dt Ihr Browser die ben\u00f6tigten Web Fonts in Ihren Browsercache, um Texte und Schriftarten korrekt anzuzeigen. Zu diesem Zweck muss der von Ihnen verwendete Browser Verbindung zu den Servern von Google aufnehmen. Hierdurch erlangt Google Kenntnis dar\u00fcber, dass \u00fcber Ihre IP-Adresse unsere Website aufgerufen wurde.<\/p>\r\n<p>Die Nutzung von Google Fonts erfolgt im Interesse einer einheitlichen und ansprechenden Darstellung unseres Online-Angebots. Dies stellt ein berechtigtes Interesse im Sinne von Art. 6 Abs. 1 lit. f DSGVO dar.<\/p>\r\n<p>Weitere Informationen zu Google Fonts finden Sie unter <a target=\"_new\" rel=\"noopener\">https:\/\/developers.google.com\/fonts\/faq<\/a> und in der Datenschutzerkl\u00e4rung von Google: <a target=\"_new\" rel=\"noopener\">https:\/\/policies.google.com\/privacy<\/a>.<\/p>\r\n<p>&nbsp;<\/p>\r\n<h6>c) Google Maps<\/h6>\r\n<p>Diese Website verwendet das Produkt Google Maps von Google LLC. Durch Nutzung dieser Website erkl\u00e4ren Sie sich mit der Erfassung, Bearbeitung sowie Nutzung der automatisiert erhobenen Daten durch Google, deren Vertreter sowie Dritter einverstanden. Die Nutzungsbedingungen von Google Maps finden Sie unter <a target=\"_new\" rel=\"noopener\">https:\/\/www.google.com\/intl\/de_de\/help\/terms_maps.html<\/a>.<\/p>\r\n<p>Die Einbindung von Google Maps erfolgt im Interesse einer ansprechenden Darstellung unserer Online-Angebote und an einer leichten Auffindbarkeit der von uns auf der Website angegebenen Orte. Dies stellt ein berechtigtes Interesse im Sinne von Art. 6 Abs. 1 lit. f DSGVO dar.<\/p>\r\n<p>&nbsp;<\/p>\r\n<h6>d) Online-Shop<\/h6>\r\n<p>Wenn Sie in unserem Online-Shop eine Bestellung aufgeben, verarbeiten wir die zur Abwicklung der Bestellung erforderlichen Daten, insbesondere:<\/p>\r\n<ul>\r\n<li>Name, Vorname<\/li>\r\n<li>Rechnungs- und Lieferadresse<\/li>\r\n<li>E-Mail-Adresse<\/li>\r\n<li>Zahlungsinformationen<\/li>\r\n<\/ul>\r\n<p>Die Verarbeitung dieser Daten erfolgt zur Erf\u00fcllung des Vertrages gem\u00e4ss Art. 6 Abs. 1 lit. b DSGVO. Ohne die Bereitstellung der notwendigen Daten k\u00f6nnen wir den Vertrag nicht erf\u00fcllen.<\/p>\r\n<p>&nbsp;<\/p>\r\n<h5>3. Weitergabe von Daten<\/h5>\r\n<p>Eine \u00dcbermittlung Ihrer pers\u00f6nlichen Daten an Dritte zu anderen als den im Folgenden aufgef\u00fchrten Zwecken findet nicht statt.<\/p>\r\n<p>Wir geben Ihre pers\u00f6nlichen Daten nur an Dritte weiter, wenn:<\/p>\r\n<ul>\r\n<li>Sie Ihre nach Art. 6 Abs. 1 S. 1 lit. a DSGVO ausdr\u00fcckliche Einwilligung dazu erteilt haben,<\/li>\r\n<li>die Weitergabe nach Art. 6 Abs. 1 S. 1 lit. f DSGVO zur Geltendmachung, Aus\u00fcbung oder Verteidigung von Rechtsanspr\u00fcchen erforderlich ist und kein Grund zur Annahme besteht, dass Sie ein \u00fcberwiegendes schutzw\u00fcrdiges Interesse an der Nichtweitergabe Ihrer Daten haben,<\/li>\r\n<li>f\u00fcr den Fall, dass f\u00fcr die Weitergabe nach Art. 6 Abs. 1 S. 1 lit. c DSGVO eine gesetzliche Verpflichtung besteht, sowie<\/li>\r\n<li>dies gesetzlich zul\u00e4ssig und nach Art. 6 Abs. 1 S. 1 lit. b DSGVO f\u00fcr die Abwicklung von Vertragsverh\u00e4ltnissen mit Ihnen erforderlich ist.<\/li>\r\n<\/ul>\r\n<p>&nbsp;<\/p>\r\n<h5>4. Betroffenenrechte<\/h5>\r\n<p>Sie haben das Recht:<\/p>\r\n<ul>\r\n<li>gem\u00e4ss Art. 15 DSGVO Auskunft \u00fcber Ihre von uns verarbeiteten personenbezogenen Daten zu verlangen,<\/li>\r\n<li>gem\u00e4ss Art. 16 DSGVO unverz\u00fcglich die Berichtigung unrichtiger oder Vervollst\u00e4ndigung Ihrer bei uns gespeicherten personenbezogenen Daten zu verlangen,<\/li>\r\n<li>gem\u00e4ss Art. 17 DSGVO die L\u00f6schung Ihrer bei uns gespeicherten personenbezogenen Daten zu verlangen,<\/li>\r\n<li>gem\u00e4ss Art. 18 DSGVO die Einschr\u00e4nkung der Verarbeitung Ihrer personenbezogenen Daten zu verlangen,<\/li>\r\n<li>gem\u00e4ss Art. 20 DSGVO Ihre personenbezogenen Daten in einem strukturierten, g\u00e4ngigen und maschinenlesbaren Format zu erhalten oder die \u00dcbermittlung an einen anderen Verantwortlichen zu verlangen,<\/li>\r\n<li>gem\u00e4ss Art. 7 Abs. 3 DSGVO Ihre einmal erteilte Einwilligung jederzeit gegen\u00fcber uns zu widerrufen und<\/li>\r\n<li>gem\u00e4ss Art. 77 DSGVO sich bei einer Aufsichtsbeh\u00f6rde zu beschweren.<\/li>\r\n<\/ul>\r\n<p>&nbsp;<\/p>\r\n<h5>5. Widerspruchsrecht<\/h5>\r\n<p>Sofern Ihre personenbezogenen Daten auf Grundlage von berechtigten Interessen gem\u00e4ss Art. 6 Abs. 1 S. 1 lit. f DSGVO verarbeitet werden, haben Sie das Recht, gem\u00e4\u00df Art. 21 DSGVO Widerspruch gegen die Verarbeitung Ihrer personenbezogenen Daten einzulegen, soweit daf\u00fcr Gr\u00fcnde vorliegen, die sich aus Ihrer besonderen Situation ergeben.<\/p>\r\n<p>&nbsp;<\/p>\r\n<h5>6. Datensicherheit<\/h5>\r\n<p>Wir verwenden innerhalb des Website-Besuchs das verbreitete SSL-Verfahren (Secure Socket Layer) in Verbindung mit der jeweils h\u00f6chsten Verschl\u00fcsselungsstufe, die von Ihrem Browser unterst\u00fctzt wird. In der Regel handelt es sich dabei um eine 256-Bit-Verschl\u00fcsselung.<\/p>\r\n<p>&nbsp;<\/p>\r\n<h5>7. Aktualit\u00e4t und \u00c4nderung dieser Datenschutzerkl\u00e4rung<\/h5>\r\n<p>Diese Datenschutzerkl\u00e4rung ist aktuell g\u00fcltig und hat den Stand 1. September 2024. Durch die Weiterentwicklung unserer Website und Angebote dar\u00fcber oder aufgrund ge\u00e4nderter gesetzlicher beziehungsweise beh\u00f6rdlicher Vorgaben kann es notwendig werden, diese Datenschutzerkl\u00e4rung zu \u00e4ndern.<\/p>\r\n\r\n<p>&nbsp;<\/p>\r\n<p>[\/vc_column_text][\/vc_column][\/vc_row]<\/p><\/div>","protected":false},"excerpt":{"rendered":"<p>[vc_row][vc_column][vc_column_text css=&#187;&#187;] Wir freuen uns sehr \u00fcber Ihr Interesse an unserer Website. Der Schutz Ihrer Privatsph\u00e4re ist f\u00fcr uns von h\u00f6chster Bedeutung. Im Folgenden informieren wir Sie ausf\u00fchrlich \u00fcber den Umgang mit Ihren Daten. &nbsp; 1. Verantwortlicher Verantwortlicher f\u00fcr die Datenverarbeitung auf dieser Website im Sinne der Datenschutz-Grundverordnung (DSGVO) ist: G\u00dcNTER\u2019S SELECTIONEinzelunternehmenObertor 267134 Obersaxen\/GRSchweiz &nbsp; [&hellip;]<\/p>\n","protected":false},"author":1,"featured_media":0,"parent":0,"menu_order":0,"comment_status":"closed","ping_status":"open","template":"","meta":{"footnotes":""},"class_list":["post-3","page","type-page","status-publish","hentry"],"yoast_head":"<!-- This site is optimized with the Yoast SEO plugin v23.7 - https:\/\/yoast.com\/wordpress\/plugins\/seo\/ -->\n<title>Datenschutzerkl\u00e4rung - G\u00dcNTER\u2019S SELECTION<\/title>\n<meta name=\"description\" content=\"Datenschutzerkl\u00e4rung von EPHESER: Erfahren Sie, wie wir Ihre Daten sch\u00fctzen und verarbeiten, von der Erhebung \u00fcber Sicherheitsma\u00dfnahmen bis hin zu Ihren Rechten gem\u00e4ss DSGVO.\" \/>\n<meta name=\"robots\" content=\"index, follow, max-snippet:-1, max-image-preview:large, max-video-preview:-1\" \/>\n<link rel=\"canonical\" href=\"https:\/\/epheser.ch\/guenters-selection\/datenschutz\/\" \/>\n<meta property=\"og:locale\" content=\"de_DE\" \/>\n<meta property=\"og:type\" content=\"article\" \/>\n<meta property=\"og:title\" content=\"Datenschutzerkl\u00e4rung - G\u00dcNTER\u2019S SELECTION\" \/>\n<meta property=\"og:description\" content=\"Datenschutzerkl\u00e4rung von EPHESER: Erfahren Sie, wie wir Ihre Daten sch\u00fctzen und verarbeiten, von der Erhebung \u00fcber Sicherheitsma\u00dfnahmen bis hin zu Ihren Rechten gem\u00e4ss DSGVO.\" \/>\n<meta property=\"og:url\" content=\"https:\/\/epheser.ch\/guenters-selection\/datenschutz\/\" \/>\n<meta property=\"og:site_name\" content=\"G\u00dcNTER\u2019S SELECTION\" \/>\n<meta property=\"article:modified_time\" content=\"2024-10-28T12:55:09+00:00\" \/>\n<meta name=\"twitter:card\" content=\"summary_large_image\" \/>\n<meta name=\"twitter:label1\" content=\"Gesch\u00e4tzte Lesezeit\" \/>\n\t<meta name=\"twitter:data1\" content=\"5 Minuten\" \/>\n<script type=\"application\/ld+json\" class=\"yoast-schema-graph\">{\"@context\":\"https:\/\/schema.org\",\"@graph\":[{\"@type\":\"WebPage\",\"@id\":\"https:\/\/epheser.ch\/guenters-selection\/datenschutz\/\",\"url\":\"https:\/\/epheser.ch\/guenters-selection\/datenschutz\/\",\"name\":\"Datenschutzerkl\u00e4rung - G\u00dcNTER\u2019S SELECTION\",\"isPartOf\":{\"@id\":\"https:\/\/epheser.ch\/guenters-selection\/#website\"},\"datePublished\":\"2024-03-19T09:32:23+00:00\",\"dateModified\":\"2024-10-28T12:55:09+00:00\",\"description\":\"Datenschutzerkl\u00e4rung von EPHESER: Erfahren Sie, wie wir Ihre Daten sch\u00fctzen und verarbeiten, von der Erhebung \u00fcber Sicherheitsma\u00dfnahmen bis hin zu Ihren Rechten gem\u00e4ss DSGVO.\",\"breadcrumb\":{\"@id\":\"https:\/\/epheser.ch\/guenters-selection\/datenschutz\/#breadcrumb\"},\"inLanguage\":\"de-CH\",\"potentialAction\":[{\"@type\":\"ReadAction\",\"target\":[\"https:\/\/epheser.ch\/guenters-selection\/datenschutz\/\"]}]},{\"@type\":\"BreadcrumbList\",\"@id\":\"https:\/\/epheser.ch\/guenters-selection\/datenschutz\/#breadcrumb\",\"itemListElement\":[{\"@type\":\"ListItem\",\"position\":1,\"name\":\"Startseite\",\"item\":\"https:\/\/epheser.ch\/guenters-selection\/\"},{\"@type\":\"ListItem\",\"position\":2,\"name\":\"Datenschutzerkl\u00e4rung\"}]},{\"@type\":\"WebSite\",\"@id\":\"https:\/\/epheser.ch\/guenters-selection\/#website\",\"url\":\"https:\/\/epheser.ch\/guenters-selection\/\",\"name\":\"G\u00dcNTER\u2019S SELECTION\",\"description\":\"Shop G\u00dcNTER\u2019S SELECTION\",\"publisher\":{\"@id\":\"https:\/\/epheser.ch\/guenters-selection\/#organization\"},\"potentialAction\":[{\"@type\":\"SearchAction\",\"target\":{\"@type\":\"EntryPoint\",\"urlTemplate\":\"https:\/\/epheser.ch\/guenters-selection\/?s={search_term_string}\"},\"query-input\":{\"@type\":\"PropertyValueSpecification\",\"valueRequired\":true,\"valueName\":\"search_term_string\"}}],\"inLanguage\":\"de-CH\"},{\"@type\":\"Organization\",\"@id\":\"https:\/\/epheser.ch\/guenters-selection\/#organization\",\"name\":\"G\u00dcNTER\u2019S SELECTION\",\"url\":\"https:\/\/epheser.ch\/guenters-selection\/\",\"logo\":{\"@type\":\"ImageObject\",\"inLanguage\":\"de-CH\",\"@id\":\"https:\/\/epheser.ch\/guenters-selection\/#\/schema\/logo\/image\/\",\"url\":\"https:\/\/epheser.ch\/guenters-selection\/wp-content\/uploads\/sites\/3\/2024\/06\/logoepheser_web_ohne_Linien_black_sgl.png\",\"contentUrl\":\"https:\/\/epheser.ch\/guenters-selection\/wp-content\/uploads\/sites\/3\/2024\/06\/logoepheser_web_ohne_Linien_black_sgl.png\",\"width\":400,\"height\":81,\"caption\":\"G\u00dcNTER\u2019S SELECTION\"},\"image\":{\"@id\":\"https:\/\/epheser.ch\/guenters-selection\/#\/schema\/logo\/image\/\"}}]}<\/script>\n<!-- \/ Yoast SEO plugin. -->","yoast_head_json":{"title":"Datenschutzerkl\u00e4rung - G\u00dcNTER\u2019S SELECTION","description":"Datenschutzerkl\u00e4rung von EPHESER: Erfahren Sie, wie wir Ihre Daten sch\u00fctzen und verarbeiten, von der Erhebung \u00fcber Sicherheitsma\u00dfnahmen bis hin zu Ihren Rechten gem\u00e4ss DSGVO.","robots":{"index":"index","follow":"follow","max-snippet":"max-snippet:-1","max-image-preview":"max-image-preview:large","max-video-preview":"max-video-preview:-1"},"canonical":"https:\/\/epheser.ch\/guenters-selection\/datenschutz\/","og_locale":"de_DE","og_type":"article","og_title":"Datenschutzerkl\u00e4rung - G\u00dcNTER\u2019S SELECTION","og_description":"Datenschutzerkl\u00e4rung von EPHESER: Erfahren Sie, wie wir Ihre Daten sch\u00fctzen und verarbeiten, von der Erhebung \u00fcber Sicherheitsma\u00dfnahmen bis hin zu Ihren Rechten gem\u00e4ss DSGVO.","og_url":"https:\/\/epheser.ch\/guenters-selection\/datenschutz\/","og_site_name":"G\u00dcNTER\u2019S SELECTION","article_modified_time":"2024-10-28T12:55:09+00:00","twitter_card":"summary_large_image","twitter_misc":{"Gesch\u00e4tzte Lesezeit":"5 Minuten"},"schema":{"@context":"https:\/\/schema.org","@graph":[{"@type":"WebPage","@id":"https:\/\/epheser.ch\/guenters-selection\/datenschutz\/","url":"https:\/\/epheser.ch\/guenters-selection\/datenschutz\/","name":"Datenschutzerkl\u00e4rung - G\u00dcNTER\u2019S SELECTION","isPartOf":{"@id":"https:\/\/epheser.ch\/guenters-selection\/#website"},"datePublished":"2024-03-19T09:32:23+00:00","dateModified":"2024-10-28T12:55:09+00:00","description":"Datenschutzerkl\u00e4rung von EPHESER: Erfahren Sie, wie wir Ihre Daten sch\u00fctzen und verarbeiten, von der Erhebung \u00fcber Sicherheitsma\u00dfnahmen bis hin zu Ihren Rechten gem\u00e4ss DSGVO.","breadcrumb":{"@id":"https:\/\/epheser.ch\/guenters-selection\/datenschutz\/#breadcrumb"},"inLanguage":"de-CH","potentialAction":[{"@type":"ReadAction","target":["https:\/\/epheser.ch\/guenters-selection\/datenschutz\/"]}]},{"@type":"BreadcrumbList","@id":"https:\/\/epheser.ch\/guenters-selection\/datenschutz\/#breadcrumb","itemListElement":[{"@type":"ListItem","position":1,"name":"Startseite","item":"https:\/\/epheser.ch\/guenters-selection\/"},{"@type":"ListItem","position":2,"name":"Datenschutzerkl\u00e4rung"}]},{"@type":"WebSite","@id":"https:\/\/epheser.ch\/guenters-selection\/#website","url":"https:\/\/epheser.ch\/guenters-selection\/","name":"G\u00dcNTER\u2019S SELECTION","description":"Shop G\u00dcNTER\u2019S SELECTION","publisher":{"@id":"https:\/\/epheser.ch\/guenters-selection\/#organization"},"potentialAction":[{"@type":"SearchAction","target":{"@type":"EntryPoint","urlTemplate":"https:\/\/epheser.ch\/guenters-selection\/?s={search_term_string}"},"query-input":{"@type":"PropertyValueSpecification","valueRequired":true,"valueName":"search_term_string"}}],"inLanguage":"de-CH"},{"@type":"Organization","@id":"https:\/\/epheser.ch\/guenters-selection\/#organization","name":"G\u00dcNTER\u2019S SELECTION","url":"https:\/\/epheser.ch\/guenters-selection\/","logo":{"@type":"ImageObject","inLanguage":"de-CH","@id":"https:\/\/epheser.ch\/guenters-selection\/#\/schema\/logo\/image\/","url":"https:\/\/epheser.ch\/guenters-selection\/wp-content\/uploads\/sites\/3\/2024\/06\/logoepheser_web_ohne_Linien_black_sgl.png","contentUrl":"https:\/\/epheser.ch\/guenters-selection\/wp-content\/uploads\/sites\/3\/2024\/06\/logoepheser_web_ohne_Linien_black_sgl.png","width":400,"height":81,"caption":"G\u00dcNTER\u2019S SELECTION"},"image":{"@id":"https:\/\/epheser.ch\/guenters-selection\/#\/schema\/logo\/image\/"}}]}},"_links":{"self":[{"href":"https:\/\/epheser.ch\/guenters-selection\/wp-json\/wp\/v2\/pages\/3"}],"collection":[{"href":"https:\/\/epheser.ch\/guenters-selection\/wp-json\/wp\/v2\/pages"}],"about":[{"href":"https:\/\/epheser.ch\/guenters-selection\/wp-json\/wp\/v2\/types\/page"}],"author":[{"embeddable":true,"href":"https:\/\/epheser.ch\/guenters-selection\/wp-json\/wp\/v2\/users\/1"}],"replies":[{"embeddable":true,"href":"https:\/\/epheser.ch\/guenters-selection\/wp-json\/wp\/v2\/comments?post=3"}],"version-history":[{"count":5,"href":"https:\/\/epheser.ch\/guenters-selection\/wp-json\/wp\/v2\/pages\/3\/revisions"}],"predecessor-version":[{"id":6558,"href":"https:\/\/epheser.ch\/guenters-selection\/wp-json\/wp\/v2\/pages\/3\/revisions\/6558"}],"wp:attachment":[{"href":"https:\/\/epheser.ch\/guenters-selection\/wp-json\/wp\/v2\/media?parent=3"}],"curies":[{"name":"wp","href":"https:\/\/api.w.org\/{rel}","templated":true}]}}