{"id":6294,"date":"2024-08-21T11:47:06","date_gmt":"2024-08-21T09:47:06","guid":{"rendered":"https:\/\/epheser.ch\/?page_id=6294"},"modified":"2024-10-28T13:53:23","modified_gmt":"2024-10-28T12:53:23","slug":"impressum","status":"publish","type":"page","link":"https:\/\/epheser.ch\/guenters-selection\/impressum\/","title":{"rendered":"Impressum G\u00dcNTER\u2019S SELECTION"},"content":{"rendered":"<div class=\"wpb-content-wrapper\"><p>[vc_row][vc_column][vc_column_text css=&#187;&#187;]<\/p>\n<h5>Unternehmensname<\/h5>\n<p>G\u00dcNTER\u2019S SELECTION<br \/>\nEinzelunternehmen<br \/>\nObertor 26<br \/>\n7134 Obersaxen\/GR<br \/>\nSchweiz<\/p>\n<p>&nbsp;<\/p>\n<h5>Vertreten durch<\/h5>\n<p>G\u00fcnter Helmut Stegmaier<\/p>\n<p>&nbsp;<\/p>\n<h5>Kontakt<\/h5>\n<p>Telefon: +41 79 643 56 70<br \/>\nE-Mail: <a href=\"mailto:gu***************@ep*****.ch\" data-original-string=\"ZTuKRePNpiDPDdeJ+mFBE7DEsfs7ISuJWeMI9p\/DRDA=\" title=\"Dieser Kontakt wurde von Anti-Spam by CleanTalk verschl\u00fcsselt. Klicken Sie hier, um ihn zu entschl\u00fcsseln. Sollte der Kontakt danach nicht angezeigt werden, \u00fcberpr\u00fcfen Sie bitte, dass JavaScript in Ihrem Browser aktiviert ist.\"><span \n                data-original-string=\"ZTuKRePNpiDPDdeJ+mFBE7DEsfs7ISuJWeMI9p\/DRDA=\"\n                class=\"apbct-email-encoder\"\n                title=\"Dieser Kontakt wurde von Anti-Spam by CleanTalk verschl\u00fcsselt. Klicken Sie hier, um ihn zu entschl\u00fcsseln. Sollte der Kontakt danach nicht angezeigt werden, \u00fcberpr\u00fcfen Sie bitte, dass JavaScript in Ihrem Browser aktiviert ist.\"><br \/>\n        <span class=\"apbct-ee-blur-group\"><br \/>\n            <span class=\"apbct-ee-blur_email-text\">gu***************@ep*****.ch<\/span><br \/>\n            <span class=\"apbct-ee-static-blur\"><br \/>\n                <span class=\"apbct-ee-blur apbct-ee-blur_rectangle-init\"><\/span><br \/>\n                <span class=\"apbct-ee-blur apbct-ee-blur_rectangle-soft\"><\/span><br \/>\n                <span class=\"apbct-ee-blur apbct-ee-blur_rectangle-hard\"><\/span><br \/>\n            <\/span><br \/>\n            <span class=\"apbct-ee-animate-blur\"><br \/>\n                <span class=\"apbct-ee-blur apbct-ee-blur_rectangle-init apbct-ee-blur_animate-init\"><\/span><br \/>\n                <span class=\"apbct-ee-blur apbct-ee-blur_rectangle-soft apbct-ee-blur_animate-soft \"><\/span><br \/>\n                <span class=\"apbct-ee-blur apbct-ee-blur_rectangle-hard apbct-ee-blur_animate-hard\"><\/span><br \/>\n            <\/span><br \/>\n        <\/span><br \/>\n<\/span><\/a><\/p>\n<p>&nbsp;<\/p>\n<h5>Handelsregistereintrag<\/h5>\n<p>Eingetragen im Handelsregister 24.01.2024<br \/>\nHandelsregisteramt des Kantons Graub\u00fcnden<br \/>\nHandelsregisternummer: CHE-363.892.837<\/p>\n<p>&nbsp;<\/p>\n<h5>Umsatzsteuer-Identifikationsnummer<\/h5>\n<p>Umsatzsteuer-Identifikationsnummer<br \/>\nMwSt-Nummer: CHE-363.892.837<\/p>\n<p>&nbsp;<\/p>\n<h5>Verantwortlich f\u00fcr den Inhalt<\/h5>\n<p>G\u00fcnter Helmut Stegmaier<\/p>\n<p>&nbsp;<\/p>\n<h5>Online-Streitbeilegung<\/h5>\n<p>Die Europ\u00e4ische Kommission stellt eine Plattform zur Online-Streitbeilegung (OS) bereit: <a href=\"https:\/\/ec.europa.eu\/consumers\/odr\" target=\"_new\" rel=\"noopener\">https:\/\/ec.europa.eu\/consumers\/odr<\/a>. Unsere E-Mail-Adresse finden Sie oben im Impressum.<\/p>\n<p>&nbsp;<\/p>\n<h5>Haftungsausschluss<\/h5>\n<p>Die Inhalte unserer Seiten wurden mit gr\u00f6sster Sorgfalt erstellt. F\u00fcr die Richtigkeit, Vollst\u00e4ndigkeit und Aktualit\u00e4t der Inhalte k\u00f6nnen wir jedoch keine Gew\u00e4hr \u00fcbernehmen. Als Diensteanbieter sind wir gem\u00e4ss den allgemeinen Gesetzen verantwortlich, jedoch nicht verpflichtet, \u00fcbermittelte oder gespeicherte fremde Informationen zu \u00fcberwachen oder nach Umst\u00e4nden zu forschen, die auf eine rechtswidrige T\u00e4tigkeit hinweisen.[\/vc_column_text][\/vc_column][\/vc_row]<\/p>\n<\/div>","protected":false},"excerpt":{"rendered":"<p>[vc_row][vc_column][vc_column_text css=&#187;&#187;] Unternehmensname G\u00dcNTER\u2019S SELECTION Einzelunternehmen Obertor 26 7134 Obersaxen\/GR Schweiz &nbsp; Vertreten durch G\u00fcnter Helmut Stegmaier &nbsp; Kontakt Telefon: +41 79 643 56 70 E-Mail: gu***************@ep*****.ch &nbsp; Handelsregistereintrag Eingetragen im Handelsregister 24.01.2024 Handelsregisteramt des Kantons Graub\u00fcnden Handelsregisternummer: CHE-363.892.837 &nbsp; Umsatzsteuer-Identifikationsnummer Umsatzsteuer-Identifikationsnummer MwSt-Nummer: CHE-363.892.837 &nbsp; Verantwortlich f\u00fcr den Inhalt G\u00fcnter Helmut Stegmaier &nbsp; Online-Streitbeilegung Die [&hellip;]<\/p>\n","protected":false},"author":1,"featured_media":0,"parent":0,"menu_order":0,"comment_status":"closed","ping_status":"open","template":"","meta":{"footnotes":""},"class_list":["post-6294","page","type-page","status-publish","hentry"],"yoast_head":"<!-- This site is optimized with the Yoast SEO plugin v23.7 - https:\/\/yoast.com\/wordpress\/plugins\/seo\/ -->\n<title>Impressum G\u00dcNTER\u2019S SELECTION - G\u00dcNTER\u2019S SELECTION<\/title>\n<meta name=\"description\" content=\"Impressum von EPHESER: Kontakt, Haftungsausschluss, Verantwortlicher f\u00fcr Inhalte und Informationen zur Online-Streitbeilegung gem\u00e4ss EU-Richtlinien.\" \/>\n<meta name=\"robots\" content=\"index, follow, max-snippet:-1, max-image-preview:large, max-video-preview:-1\" \/>\n<link rel=\"canonical\" href=\"https:\/\/epheser.ch\/guenters-selection\/impressum\/\" \/>\n<meta property=\"og:locale\" content=\"de_DE\" \/>\n<meta property=\"og:type\" content=\"article\" \/>\n<meta property=\"og:title\" content=\"Impressum G\u00dcNTER\u2019S SELECTION - G\u00dcNTER\u2019S SELECTION\" \/>\n<meta property=\"og:description\" content=\"Impressum von EPHESER: Kontakt, Haftungsausschluss, Verantwortlicher f\u00fcr Inhalte und Informationen zur Online-Streitbeilegung gem\u00e4ss EU-Richtlinien.\" \/>\n<meta property=\"og:url\" content=\"https:\/\/epheser.ch\/guenters-selection\/impressum\/\" \/>\n<meta property=\"og:site_name\" content=\"G\u00dcNTER\u2019S SELECTION\" \/>\n<meta property=\"article:modified_time\" content=\"2024-10-28T12:53:23+00:00\" \/>\n<meta name=\"twitter:card\" content=\"summary_large_image\" \/>\n<meta name=\"twitter:label1\" content=\"Gesch\u00e4tzte Lesezeit\" \/>\n\t<meta name=\"twitter:data1\" content=\"1 Minute\" \/>\n<script type=\"application\/ld+json\" class=\"yoast-schema-graph\">{\"@context\":\"https:\/\/schema.org\",\"@graph\":[{\"@type\":\"WebPage\",\"@id\":\"https:\/\/epheser.ch\/guenters-selection\/impressum\/\",\"url\":\"https:\/\/epheser.ch\/guenters-selection\/impressum\/\",\"name\":\"Impressum G\u00dcNTER\u2019S SELECTION - G\u00dcNTER\u2019S SELECTION\",\"isPartOf\":{\"@id\":\"https:\/\/epheser.ch\/guenters-selection\/#website\"},\"datePublished\":\"2024-08-21T09:47:06+00:00\",\"dateModified\":\"2024-10-28T12:53:23+00:00\",\"description\":\"Impressum von EPHESER: Kontakt, Haftungsausschluss, Verantwortlicher f\u00fcr Inhalte und Informationen zur Online-Streitbeilegung gem\u00e4ss EU-Richtlinien.\",\"breadcrumb\":{\"@id\":\"https:\/\/epheser.ch\/guenters-selection\/impressum\/#breadcrumb\"},\"inLanguage\":\"de-CH\",\"potentialAction\":[{\"@type\":\"ReadAction\",\"target\":[\"https:\/\/epheser.ch\/guenters-selection\/impressum\/\"]}]},{\"@type\":\"BreadcrumbList\",\"@id\":\"https:\/\/epheser.ch\/guenters-selection\/impressum\/#breadcrumb\",\"itemListElement\":[{\"@type\":\"ListItem\",\"position\":1,\"name\":\"Startseite\",\"item\":\"https:\/\/epheser.ch\/guenters-selection\/\"},{\"@type\":\"ListItem\",\"position\":2,\"name\":\"Impressum G\u00dcNTER\u2019S SELECTION\"}]},{\"@type\":\"WebSite\",\"@id\":\"https:\/\/epheser.ch\/guenters-selection\/#website\",\"url\":\"https:\/\/epheser.ch\/guenters-selection\/\",\"name\":\"G\u00dcNTER\u2019S SELECTION\",\"description\":\"Shop G\u00dcNTER\u2019S SELECTION\",\"publisher\":{\"@id\":\"https:\/\/epheser.ch\/guenters-selection\/#organization\"},\"potentialAction\":[{\"@type\":\"SearchAction\",\"target\":{\"@type\":\"EntryPoint\",\"urlTemplate\":\"https:\/\/epheser.ch\/guenters-selection\/?s={search_term_string}\"},\"query-input\":{\"@type\":\"PropertyValueSpecification\",\"valueRequired\":true,\"valueName\":\"search_term_string\"}}],\"inLanguage\":\"de-CH\"},{\"@type\":\"Organization\",\"@id\":\"https:\/\/epheser.ch\/guenters-selection\/#organization\",\"name\":\"G\u00dcNTER\u2019S SELECTION\",\"url\":\"https:\/\/epheser.ch\/guenters-selection\/\",\"logo\":{\"@type\":\"ImageObject\",\"inLanguage\":\"de-CH\",\"@id\":\"https:\/\/epheser.ch\/guenters-selection\/#\/schema\/logo\/image\/\",\"url\":\"https:\/\/epheser.ch\/guenters-selection\/wp-content\/uploads\/sites\/3\/2024\/06\/logoepheser_web_ohne_Linien_black_sgl.png\",\"contentUrl\":\"https:\/\/epheser.ch\/guenters-selection\/wp-content\/uploads\/sites\/3\/2024\/06\/logoepheser_web_ohne_Linien_black_sgl.png\",\"width\":400,\"height\":81,\"caption\":\"G\u00dcNTER\u2019S SELECTION\"},\"image\":{\"@id\":\"https:\/\/epheser.ch\/guenters-selection\/#\/schema\/logo\/image\/\"}}]}<\/script>\n<!-- \/ Yoast SEO plugin. -->","yoast_head_json":{"title":"Impressum G\u00dcNTER\u2019S SELECTION - G\u00dcNTER\u2019S SELECTION","description":"Impressum von EPHESER: Kontakt, Haftungsausschluss, Verantwortlicher f\u00fcr Inhalte und Informationen zur Online-Streitbeilegung gem\u00e4ss EU-Richtlinien.","robots":{"index":"index","follow":"follow","max-snippet":"max-snippet:-1","max-image-preview":"max-image-preview:large","max-video-preview":"max-video-preview:-1"},"canonical":"https:\/\/epheser.ch\/guenters-selection\/impressum\/","og_locale":"de_DE","og_type":"article","og_title":"Impressum G\u00dcNTER\u2019S SELECTION - G\u00dcNTER\u2019S SELECTION","og_description":"Impressum von EPHESER: Kontakt, Haftungsausschluss, Verantwortlicher f\u00fcr Inhalte und Informationen zur Online-Streitbeilegung gem\u00e4ss EU-Richtlinien.","og_url":"https:\/\/epheser.ch\/guenters-selection\/impressum\/","og_site_name":"G\u00dcNTER\u2019S SELECTION","article_modified_time":"2024-10-28T12:53:23+00:00","twitter_card":"summary_large_image","twitter_misc":{"Gesch\u00e4tzte Lesezeit":"1 Minute"},"schema":{"@context":"https:\/\/schema.org","@graph":[{"@type":"WebPage","@id":"https:\/\/epheser.ch\/guenters-selection\/impressum\/","url":"https:\/\/epheser.ch\/guenters-selection\/impressum\/","name":"Impressum G\u00dcNTER\u2019S SELECTION - G\u00dcNTER\u2019S SELECTION","isPartOf":{"@id":"https:\/\/epheser.ch\/guenters-selection\/#website"},"datePublished":"2024-08-21T09:47:06+00:00","dateModified":"2024-10-28T12:53:23+00:00","description":"Impressum von EPHESER: Kontakt, Haftungsausschluss, Verantwortlicher f\u00fcr Inhalte und Informationen zur Online-Streitbeilegung gem\u00e4ss EU-Richtlinien.","breadcrumb":{"@id":"https:\/\/epheser.ch\/guenters-selection\/impressum\/#breadcrumb"},"inLanguage":"de-CH","potentialAction":[{"@type":"ReadAction","target":["https:\/\/epheser.ch\/guenters-selection\/impressum\/"]}]},{"@type":"BreadcrumbList","@id":"https:\/\/epheser.ch\/guenters-selection\/impressum\/#breadcrumb","itemListElement":[{"@type":"ListItem","position":1,"name":"Startseite","item":"https:\/\/epheser.ch\/guenters-selection\/"},{"@type":"ListItem","position":2,"name":"Impressum G\u00dcNTER\u2019S SELECTION"}]},{"@type":"WebSite","@id":"https:\/\/epheser.ch\/guenters-selection\/#website","url":"https:\/\/epheser.ch\/guenters-selection\/","name":"G\u00dcNTER\u2019S SELECTION","description":"Shop G\u00dcNTER\u2019S SELECTION","publisher":{"@id":"https:\/\/epheser.ch\/guenters-selection\/#organization"},"potentialAction":[{"@type":"SearchAction","target":{"@type":"EntryPoint","urlTemplate":"https:\/\/epheser.ch\/guenters-selection\/?s={search_term_string}"},"query-input":{"@type":"PropertyValueSpecification","valueRequired":true,"valueName":"search_term_string"}}],"inLanguage":"de-CH"},{"@type":"Organization","@id":"https:\/\/epheser.ch\/guenters-selection\/#organization","name":"G\u00dcNTER\u2019S SELECTION","url":"https:\/\/epheser.ch\/guenters-selection\/","logo":{"@type":"ImageObject","inLanguage":"de-CH","@id":"https:\/\/epheser.ch\/guenters-selection\/#\/schema\/logo\/image\/","url":"https:\/\/epheser.ch\/guenters-selection\/wp-content\/uploads\/sites\/3\/2024\/06\/logoepheser_web_ohne_Linien_black_sgl.png","contentUrl":"https:\/\/epheser.ch\/guenters-selection\/wp-content\/uploads\/sites\/3\/2024\/06\/logoepheser_web_ohne_Linien_black_sgl.png","width":400,"height":81,"caption":"G\u00dcNTER\u2019S SELECTION"},"image":{"@id":"https:\/\/epheser.ch\/guenters-selection\/#\/schema\/logo\/image\/"}}]}},"_links":{"self":[{"href":"https:\/\/epheser.ch\/guenters-selection\/wp-json\/wp\/v2\/pages\/6294"}],"collection":[{"href":"https:\/\/epheser.ch\/guenters-selection\/wp-json\/wp\/v2\/pages"}],"about":[{"href":"https:\/\/epheser.ch\/guenters-selection\/wp-json\/wp\/v2\/types\/page"}],"author":[{"embeddable":true,"href":"https:\/\/epheser.ch\/guenters-selection\/wp-json\/wp\/v2\/users\/1"}],"replies":[{"embeddable":true,"href":"https:\/\/epheser.ch\/guenters-selection\/wp-json\/wp\/v2\/comments?post=6294"}],"version-history":[{"count":6,"href":"https:\/\/epheser.ch\/guenters-selection\/wp-json\/wp\/v2\/pages\/6294\/revisions"}],"predecessor-version":[{"id":6544,"href":"https:\/\/epheser.ch\/guenters-selection\/wp-json\/wp\/v2\/pages\/6294\/revisions\/6544"}],"wp:attachment":[{"href":"https:\/\/epheser.ch\/guenters-selection\/wp-json\/wp\/v2\/media?parent=6294"}],"curies":[{"name":"wp","href":"https:\/\/api.w.org\/{rel}","templated":true}]}}