{"id":6303,"date":"2024-08-21T19:07:39","date_gmt":"2024-08-21T17:07:39","guid":{"rendered":"https:\/\/epheser.ch\/guenters-selection\/?page_id=6303"},"modified":"2024-10-28T13:51:15","modified_gmt":"2024-10-28T12:51:15","slug":"agb","status":"publish","type":"page","link":"https:\/\/epheser.ch\/guenters-selection\/agb\/","title":{"rendered":"Allgemeine Gesch\u00e4ftsbedingungen"},"content":{"rendered":"<div class=\"wpb-content-wrapper\"><p>[vc_row][vc_column][vc_column_text css=&#187;&#187;]<\/p>\n<h5>Angebot und Geltungsbereich<\/h5>\n<p>Die vorliegenden Allgemeinen Gesch\u00e4ftsbedingungen (AGB) gelten f\u00fcr alle Bestellungen und Lieferungen von Waren unter www.epheser.ch.<\/p>\n<p>&nbsp;<\/p>\n<h5>Best\u00e4tigung der Bestellung<\/h5>\n<p>Das Vertragsverh\u00e4ltnis kommt durch die Bestellung des Kunden unter www.epheser.ch zustande. Durch Abschluss des Bestellvorgangs, erkl\u00e4rt sich der Kunde mit der Annahme der AGB und der ausgewiesenen Preise einverstanden.<\/p>\n<p>&nbsp;<\/p>\n<h5>Preise<\/h5>\n<p>Die Preise verstehen sich in Schweizer Franken (CHF).<\/p>\n<p>&nbsp;<\/p>\n<h5>Zahlungsmethoden<\/h5>\n<p>Bei Versand in der Schweiz mit Einzahlungsschein innert 20 Tagen \u2013 bei Versand im EU-Raum mit Vorauskasse.<\/p>\n<p>&nbsp;<\/p>\n<h5>Lieferzeit und Bedingungen<\/h5>\n<p>Die Produkte werden per Post verschickt. Bei pers\u00f6nlicher Lieferung von gr\u00f6sseren Mengen wird im Voraus ein Termin f\u00fcr die Anlieferung vereinbart.<\/p>\n<p>&nbsp;<\/p>\n<h5>Porti<\/h5>\n<p>Innerhalb der Schweiz CHF 10.\u2013 pro Versand bei Warenwert bis 100 Franken, CHF 15.\u2013 bis Warenwert 200 Franken.<\/p>\n<p>Ab einem Bestellwert von CHF 200.\u2013 erfolgt der Versand in der Schweiz kostenlos.<\/p>\n<p>Beim internationalen Versand werden die effektiven Portospesen nach Destination und Gewicht verrechnet.<\/p>\n<p>&nbsp;<\/p>\n<h5>M\u00e4ngel und R\u00fccktrittsrecht<\/h5>\n<p>Wir stehen f\u00fcr die Qualit\u00e4t unserer Produkte ein. Wir sind stets darauf bedacht, Ihnen die beste Qualit\u00e4t zu bieten. Sollte beim Transport etwas zu Schaden gekommen sein oder sollten Sie mit der Qualit\u00e4t eines der Produkte nicht zufrieden sein, bitten wir um R\u00fcckmeldung, damit wir der Sache nachgehen k\u00f6nnen. Produkte, die gekauft wurden, k\u00f6nnen nicht mehr zur\u00fcckgegeben werden, da es sich um Lebensmittel handelt.<\/p>\n<p>&nbsp;<\/p>\n<h5>Gerichtsstand<\/h5>\n<p>Es gelten die Bestimmungen des Schweizerischen OR \u2013 Gerichtsstand ist Au-W\u00e4denswil \/ Z\u00fcrich.<\/p>\n<p>&nbsp;<\/p>\n<h5>Copyright<\/h5>\n<p>Der gesamte Webauftritt untersteht der schweizerischen Gesetzgebung \u00fcber Urheberrechte und geistiges Eigentum. Alle Abdruckrechte sind vorbehalten. Das betrifft ebenso alle abrufbaren Dokumente. Die Wiedergabe der gesamten Seite oder nur eines Teils auf irgendeinem elektronischen Tr\u00e4ger oder auf Papier ist untersagt, ausser mit der ausdr\u00fccklichen Genehmigung durch Epheser Schweiz.[\/vc_column_text][\/vc_column][\/vc_row]<\/p>\n<\/div>","protected":false},"excerpt":{"rendered":"<p>[vc_row][vc_column][vc_column_text css=&#187;&#187;] Angebot und Geltungsbereich Die vorliegenden Allgemeinen Gesch\u00e4ftsbedingungen (AGB) gelten f\u00fcr alle Bestellungen und Lieferungen von Waren unter www.epheser.ch. &nbsp; Best\u00e4tigung der Bestellung Das Vertragsverh\u00e4ltnis kommt durch die Bestellung des Kunden unter www.epheser.ch zustande. Durch Abschluss des Bestellvorgangs, erkl\u00e4rt sich der Kunde mit der Annahme der AGB und der ausgewiesenen Preise einverstanden. &nbsp; Preise [&hellip;]<\/p>\n","protected":false},"author":1,"featured_media":0,"parent":0,"menu_order":0,"comment_status":"closed","ping_status":"open","template":"","meta":{"footnotes":""},"class_list":["post-6303","page","type-page","status-publish","hentry"],"yoast_head":"<!-- This site is optimized with the Yoast SEO plugin v23.7 - https:\/\/yoast.com\/wordpress\/plugins\/seo\/ -->\n<title>Allgemeine Gesch\u00e4ftsbedingungen - G\u00dcNTER\u2019S SELECTION<\/title>\n<meta name=\"description\" content=\"AGB von Epheser Schweiz: Infos zu Bestellungen, Preisen, Zahlung, Versand, R\u00fccktrittsrecht und Gerichtsstand\" \/>\n<meta name=\"robots\" content=\"index, follow, max-snippet:-1, max-image-preview:large, max-video-preview:-1\" \/>\n<link rel=\"canonical\" href=\"https:\/\/epheser.ch\/guenters-selection\/agb\/\" \/>\n<meta property=\"og:locale\" content=\"de_DE\" \/>\n<meta property=\"og:type\" content=\"article\" \/>\n<meta property=\"og:title\" content=\"Allgemeine Gesch\u00e4ftsbedingungen - G\u00dcNTER\u2019S SELECTION\" \/>\n<meta property=\"og:description\" content=\"AGB von Epheser Schweiz: Infos zu Bestellungen, Preisen, Zahlung, Versand, R\u00fccktrittsrecht und Gerichtsstand\" \/>\n<meta property=\"og:url\" content=\"https:\/\/epheser.ch\/guenters-selection\/agb\/\" \/>\n<meta property=\"og:site_name\" content=\"G\u00dcNTER\u2019S SELECTION\" \/>\n<meta property=\"article:modified_time\" content=\"2024-10-28T12:51:15+00:00\" \/>\n<meta name=\"twitter:card\" content=\"summary_large_image\" \/>\n<meta name=\"twitter:label1\" content=\"Gesch\u00e4tzte Lesezeit\" \/>\n\t<meta name=\"twitter:data1\" content=\"2 Minuten\" \/>\n<script type=\"application\/ld+json\" class=\"yoast-schema-graph\">{\"@context\":\"https:\/\/schema.org\",\"@graph\":[{\"@type\":\"WebPage\",\"@id\":\"https:\/\/epheser.ch\/guenters-selection\/agb\/\",\"url\":\"https:\/\/epheser.ch\/guenters-selection\/agb\/\",\"name\":\"Allgemeine Gesch\u00e4ftsbedingungen - G\u00dcNTER\u2019S SELECTION\",\"isPartOf\":{\"@id\":\"https:\/\/epheser.ch\/guenters-selection\/#website\"},\"datePublished\":\"2024-08-21T17:07:39+00:00\",\"dateModified\":\"2024-10-28T12:51:15+00:00\",\"description\":\"AGB von Epheser Schweiz: Infos zu Bestellungen, Preisen, Zahlung, Versand, R\u00fccktrittsrecht und Gerichtsstand\",\"breadcrumb\":{\"@id\":\"https:\/\/epheser.ch\/guenters-selection\/agb\/#breadcrumb\"},\"inLanguage\":\"de-CH\",\"potentialAction\":[{\"@type\":\"ReadAction\",\"target\":[\"https:\/\/epheser.ch\/guenters-selection\/agb\/\"]}]},{\"@type\":\"BreadcrumbList\",\"@id\":\"https:\/\/epheser.ch\/guenters-selection\/agb\/#breadcrumb\",\"itemListElement\":[{\"@type\":\"ListItem\",\"position\":1,\"name\":\"Startseite\",\"item\":\"https:\/\/epheser.ch\/guenters-selection\/\"},{\"@type\":\"ListItem\",\"position\":2,\"name\":\"Allgemeine Gesch\u00e4ftsbedingungen\"}]},{\"@type\":\"WebSite\",\"@id\":\"https:\/\/epheser.ch\/guenters-selection\/#website\",\"url\":\"https:\/\/epheser.ch\/guenters-selection\/\",\"name\":\"G\u00dcNTER\u2019S SELECTION\",\"description\":\"Shop G\u00dcNTER\u2019S SELECTION\",\"publisher\":{\"@id\":\"https:\/\/epheser.ch\/guenters-selection\/#organization\"},\"potentialAction\":[{\"@type\":\"SearchAction\",\"target\":{\"@type\":\"EntryPoint\",\"urlTemplate\":\"https:\/\/epheser.ch\/guenters-selection\/?s={search_term_string}\"},\"query-input\":{\"@type\":\"PropertyValueSpecification\",\"valueRequired\":true,\"valueName\":\"search_term_string\"}}],\"inLanguage\":\"de-CH\"},{\"@type\":\"Organization\",\"@id\":\"https:\/\/epheser.ch\/guenters-selection\/#organization\",\"name\":\"G\u00dcNTER\u2019S SELECTION\",\"url\":\"https:\/\/epheser.ch\/guenters-selection\/\",\"logo\":{\"@type\":\"ImageObject\",\"inLanguage\":\"de-CH\",\"@id\":\"https:\/\/epheser.ch\/guenters-selection\/#\/schema\/logo\/image\/\",\"url\":\"https:\/\/epheser.ch\/guenters-selection\/wp-content\/uploads\/sites\/3\/2024\/06\/logoepheser_web_ohne_Linien_black_sgl.png\",\"contentUrl\":\"https:\/\/epheser.ch\/guenters-selection\/wp-content\/uploads\/sites\/3\/2024\/06\/logoepheser_web_ohne_Linien_black_sgl.png\",\"width\":400,\"height\":81,\"caption\":\"G\u00dcNTER\u2019S SELECTION\"},\"image\":{\"@id\":\"https:\/\/epheser.ch\/guenters-selection\/#\/schema\/logo\/image\/\"}}]}<\/script>\n<!-- \/ Yoast SEO plugin. -->","yoast_head_json":{"title":"Allgemeine Gesch\u00e4ftsbedingungen - G\u00dcNTER\u2019S SELECTION","description":"AGB von Epheser Schweiz: Infos zu Bestellungen, Preisen, Zahlung, Versand, R\u00fccktrittsrecht und Gerichtsstand","robots":{"index":"index","follow":"follow","max-snippet":"max-snippet:-1","max-image-preview":"max-image-preview:large","max-video-preview":"max-video-preview:-1"},"canonical":"https:\/\/epheser.ch\/guenters-selection\/agb\/","og_locale":"de_DE","og_type":"article","og_title":"Allgemeine Gesch\u00e4ftsbedingungen - G\u00dcNTER\u2019S SELECTION","og_description":"AGB von Epheser Schweiz: Infos zu Bestellungen, Preisen, Zahlung, Versand, R\u00fccktrittsrecht und Gerichtsstand","og_url":"https:\/\/epheser.ch\/guenters-selection\/agb\/","og_site_name":"G\u00dcNTER\u2019S SELECTION","article_modified_time":"2024-10-28T12:51:15+00:00","twitter_card":"summary_large_image","twitter_misc":{"Gesch\u00e4tzte Lesezeit":"2 Minuten"},"schema":{"@context":"https:\/\/schema.org","@graph":[{"@type":"WebPage","@id":"https:\/\/epheser.ch\/guenters-selection\/agb\/","url":"https:\/\/epheser.ch\/guenters-selection\/agb\/","name":"Allgemeine Gesch\u00e4ftsbedingungen - G\u00dcNTER\u2019S SELECTION","isPartOf":{"@id":"https:\/\/epheser.ch\/guenters-selection\/#website"},"datePublished":"2024-08-21T17:07:39+00:00","dateModified":"2024-10-28T12:51:15+00:00","description":"AGB von Epheser Schweiz: Infos zu Bestellungen, Preisen, Zahlung, Versand, R\u00fccktrittsrecht und Gerichtsstand","breadcrumb":{"@id":"https:\/\/epheser.ch\/guenters-selection\/agb\/#breadcrumb"},"inLanguage":"de-CH","potentialAction":[{"@type":"ReadAction","target":["https:\/\/epheser.ch\/guenters-selection\/agb\/"]}]},{"@type":"BreadcrumbList","@id":"https:\/\/epheser.ch\/guenters-selection\/agb\/#breadcrumb","itemListElement":[{"@type":"ListItem","position":1,"name":"Startseite","item":"https:\/\/epheser.ch\/guenters-selection\/"},{"@type":"ListItem","position":2,"name":"Allgemeine Gesch\u00e4ftsbedingungen"}]},{"@type":"WebSite","@id":"https:\/\/epheser.ch\/guenters-selection\/#website","url":"https:\/\/epheser.ch\/guenters-selection\/","name":"G\u00dcNTER\u2019S SELECTION","description":"Shop G\u00dcNTER\u2019S SELECTION","publisher":{"@id":"https:\/\/epheser.ch\/guenters-selection\/#organization"},"potentialAction":[{"@type":"SearchAction","target":{"@type":"EntryPoint","urlTemplate":"https:\/\/epheser.ch\/guenters-selection\/?s={search_term_string}"},"query-input":{"@type":"PropertyValueSpecification","valueRequired":true,"valueName":"search_term_string"}}],"inLanguage":"de-CH"},{"@type":"Organization","@id":"https:\/\/epheser.ch\/guenters-selection\/#organization","name":"G\u00dcNTER\u2019S SELECTION","url":"https:\/\/epheser.ch\/guenters-selection\/","logo":{"@type":"ImageObject","inLanguage":"de-CH","@id":"https:\/\/epheser.ch\/guenters-selection\/#\/schema\/logo\/image\/","url":"https:\/\/epheser.ch\/guenters-selection\/wp-content\/uploads\/sites\/3\/2024\/06\/logoepheser_web_ohne_Linien_black_sgl.png","contentUrl":"https:\/\/epheser.ch\/guenters-selection\/wp-content\/uploads\/sites\/3\/2024\/06\/logoepheser_web_ohne_Linien_black_sgl.png","width":400,"height":81,"caption":"G\u00dcNTER\u2019S SELECTION"},"image":{"@id":"https:\/\/epheser.ch\/guenters-selection\/#\/schema\/logo\/image\/"}}]}},"_links":{"self":[{"href":"https:\/\/epheser.ch\/guenters-selection\/wp-json\/wp\/v2\/pages\/6303"}],"collection":[{"href":"https:\/\/epheser.ch\/guenters-selection\/wp-json\/wp\/v2\/pages"}],"about":[{"href":"https:\/\/epheser.ch\/guenters-selection\/wp-json\/wp\/v2\/types\/page"}],"author":[{"embeddable":true,"href":"https:\/\/epheser.ch\/guenters-selection\/wp-json\/wp\/v2\/users\/1"}],"replies":[{"embeddable":true,"href":"https:\/\/epheser.ch\/guenters-selection\/wp-json\/wp\/v2\/comments?post=6303"}],"version-history":[{"count":4,"href":"https:\/\/epheser.ch\/guenters-selection\/wp-json\/wp\/v2\/pages\/6303\/revisions"}],"predecessor-version":[{"id":6595,"href":"https:\/\/epheser.ch\/guenters-selection\/wp-json\/wp\/v2\/pages\/6303\/revisions\/6595"}],"wp:attachment":[{"href":"https:\/\/epheser.ch\/guenters-selection\/wp-json\/wp\/v2\/media?parent=6303"}],"curies":[{"name":"wp","href":"https:\/\/api.w.org\/{rel}","templated":true}]}}